{"id":1522,"date":"2025-01-06T00:27:27","date_gmt":"2025-01-05T23:27:27","guid":{"rendered":"https:\/\/www.sofaschinales.es\/?page_id=1522"},"modified":"2025-07-01T20:04:31","modified_gmt":"2025-07-01T18:04:31","slug":"elementor-pagina-1522","status":"publish","type":"page","link":"https:\/\/www.sofaschinales.es\/index.php\/elementor-pagina-1522\/","title":{"rendered":"FAQs"},"content":{"rendered":"\t\t<div data-elementor-type=\"wp-page\" data-elementor-id=\"1522\" class=\"elementor elementor-1522\">\n\t\t\t\t<div class=\"elementor-element elementor-element-undefined-2b65973 e-flex e-con-boxed e-con e-parent\" data-id=\"undefined-2b65973\" data-element_type=\"container\" data-e-type=\"container\" data-settings=\"{&quot;background_background&quot;:&quot;classic&quot;}\">\n\t\t\t\t\t<div class=\"e-con-inner\">\n\t\t<div class=\"elementor-element elementor-element-undefined-2a3a6cb e-con-full e-flex e-con e-child\" data-id=\"undefined-2a3a6cb\" data-element_type=\"container\" data-e-type=\"container\">\n\t\t\t\t<div class=\"elementor-element elementor-element-undefined-79c922f elementor-widget elementor-widget-heading\" data-id=\"undefined-79c922f\" data-element_type=\"widget\" data-e-type=\"widget\" data-widget_type=\"heading.default\">\n\t\t\t\t<div class=\"elementor-widget-container\">\n\t\t\t\t\t<h2 class=\"elementor-heading-title elementor-size-default\">Preguntas Frecuentes<\/h2>\t\t\t\t<\/div>\n\t\t\t\t<\/div>\n\t\t\t\t<div class=\"elementor-element elementor-element-undefined-6d2ce07 elementor-widget elementor-widget-heading\" data-id=\"undefined-6d2ce07\" data-element_type=\"widget\" data-e-type=\"widget\" data-widget_type=\"heading.default\">\n\t\t\t\t<div class=\"elementor-widget-container\">\n\t\t\t\t\t<p class=\"elementor-heading-title elementor-size-default\">Encuentra respuestas a las preguntas m\u00e1s frecuentes sobre nuestros sof\u00e1s, sillones y colchones. Si necesitas m\u00e1s informaci\u00f3n, no dudes en contactarnos.<\/p>\t\t\t\t<\/div>\n\t\t\t\t<\/div>\n\t\t\t\t<\/div>\n\t\t\t\t<div class=\"elementor-element elementor-element-undefined-983811b elementor-widget__width-inherit elementor-widget elementor-widget-toggle\" data-id=\"undefined-983811b\" data-element_type=\"widget\" data-e-type=\"widget\" data-widget_type=\"toggle.default\">\n\t\t\t\t<div class=\"elementor-widget-container\">\n\t\t\t\t\t\t\t<div class=\"elementor-toggle\">\n\t\t\t\t\t\t\t<div class=\"elementor-toggle-item\">\n\t\t\t\t\t<h3 id=\"elementor-tab-title-2451\" class=\"elementor-tab-title\" data-tab=\"1\" role=\"button\" aria-controls=\"elementor-tab-content-2451\" aria-expanded=\"false\">\n\t\t\t\t\t\t\t\t\t\t\t\t<span class=\"elementor-toggle-icon elementor-toggle-icon-right\" aria-hidden=\"true\">\n\t\t\t\t\t\t\t\t\t\t\t\t\t\t\t<span class=\"elementor-toggle-icon-closed\"><svg class=\"e-font-icon-svg e-fas-plus\" viewBox=\"0 0 448 512\" xmlns=\"http:\/\/www.w3.org\/2000\/svg\"><path d=\"M416 208H272V64c0-17.67-14.33-32-32-32h-32c-17.67 0-32 14.33-32 32v144H32c-17.67 0-32 14.33-32 32v32c0 17.67 14.33 32 32 32h144v144c0 17.67 14.33 32 32 32h32c17.67 0 32-14.33 32-32V304h144c17.67 0 32-14.33 32-32v-32c0-17.67-14.33-32-32-32z\"><\/path><\/svg><\/span>\n\t\t\t\t\t\t\t\t<span class=\"elementor-toggle-icon-opened\"><svg class=\"elementor-toggle-icon-opened e-font-icon-svg e-fas-minus\" viewBox=\"0 0 448 512\" xmlns=\"http:\/\/www.w3.org\/2000\/svg\"><path d=\"M416 208H32c-17.67 0-32 14.33-32 32v32c0 17.67 14.33 32 32 32h384c17.67 0 32-14.33 32-32v-32c0-17.67-14.33-32-32-32z\"><\/path><\/svg><\/span>\n\t\t\t\t\t\t\t\t\t\t\t\t\t<\/span>\n\t\t\t\t\t\t\t\t\t\t\t\t<a class=\"elementor-toggle-title\" tabindex=\"0\">\u00bfCu\u00e1nto tiempo tarda en llegar mi pedido?<\/a>\n\t\t\t\t\t<\/h3>\n\n\t\t\t\t\t<div id=\"elementor-tab-content-2451\" class=\"elementor-tab-content elementor-clearfix\" data-tab=\"1\" role=\"region\" aria-labelledby=\"elementor-tab-title-2451\"><p>El plazo de entrega depende del tipo de producto y su personalizaci\u00f3n. Por lo general, los pedidos est\u00e1ndar se entregan en un plazo de 15 a 20 d\u00edas h\u00e1biles. En caso de personalizaciones espec\u00edficas, te informaremos del tiempo estimado al realizar la compra. Adem\u00e1s, siempre hacemos todo lo posible para cumplir con tus necesidades de urgencia.<\/p><\/div>\n\t\t\t\t<\/div>\n\t\t\t\t\t\t\t<div class=\"elementor-toggle-item\">\n\t\t\t\t\t<h3 id=\"elementor-tab-title-2452\" class=\"elementor-tab-title\" data-tab=\"2\" role=\"button\" aria-controls=\"elementor-tab-content-2452\" aria-expanded=\"false\">\n\t\t\t\t\t\t\t\t\t\t\t\t<span class=\"elementor-toggle-icon elementor-toggle-icon-right\" aria-hidden=\"true\">\n\t\t\t\t\t\t\t\t\t\t\t\t\t\t\t<span class=\"elementor-toggle-icon-closed\"><svg class=\"e-font-icon-svg e-fas-plus\" viewBox=\"0 0 448 512\" xmlns=\"http:\/\/www.w3.org\/2000\/svg\"><path d=\"M416 208H272V64c0-17.67-14.33-32-32-32h-32c-17.67 0-32 14.33-32 32v144H32c-17.67 0-32 14.33-32 32v32c0 17.67 14.33 32 32 32h144v144c0 17.67 14.33 32 32 32h32c17.67 0 32-14.33 32-32V304h144c17.67 0 32-14.33 32-32v-32c0-17.67-14.33-32-32-32z\"><\/path><\/svg><\/span>\n\t\t\t\t\t\t\t\t<span class=\"elementor-toggle-icon-opened\"><svg class=\"elementor-toggle-icon-opened e-font-icon-svg e-fas-minus\" viewBox=\"0 0 448 512\" xmlns=\"http:\/\/www.w3.org\/2000\/svg\"><path d=\"M416 208H32c-17.67 0-32 14.33-32 32v32c0 17.67 14.33 32 32 32h384c17.67 0 32-14.33 32-32v-32c0-17.67-14.33-32-32-32z\"><\/path><\/svg><\/span>\n\t\t\t\t\t\t\t\t\t\t\t\t\t<\/span>\n\t\t\t\t\t\t\t\t\t\t\t\t<a class=\"elementor-toggle-title\" tabindex=\"0\"> \u00bfPuedo personalizar mi sof\u00e1?<\/a>\n\t\t\t\t\t<\/h3>\n\n\t\t\t\t\t<div id=\"elementor-tab-content-2452\" class=\"elementor-tab-content elementor-clearfix\" data-tab=\"2\" role=\"region\" aria-labelledby=\"elementor-tab-title-2452\"><p>\u00a1Por supuesto! En Sof\u00e1s Chinales ofrecemos opciones de personalizaci\u00f3n para que tu sof\u00e1 se adapte perfectamente a tu hogar. Puedes elegir entre diferentes medidas, tejidos, colores y configuraciones. Tambi\u00e9n puedes a\u00f1adir funcionalidades como asientos extensibles o cabezales reclinables. Consulta con nuestro equipo en tienda para explorar todas las posibilidades.<\/p><\/div>\n\t\t\t\t<\/div>\n\t\t\t\t\t\t\t<div class=\"elementor-toggle-item\">\n\t\t\t\t\t<h3 id=\"elementor-tab-title-2453\" class=\"elementor-tab-title\" data-tab=\"3\" role=\"button\" aria-controls=\"elementor-tab-content-2453\" aria-expanded=\"false\">\n\t\t\t\t\t\t\t\t\t\t\t\t<span class=\"elementor-toggle-icon elementor-toggle-icon-right\" aria-hidden=\"true\">\n\t\t\t\t\t\t\t\t\t\t\t\t\t\t\t<span class=\"elementor-toggle-icon-closed\"><svg class=\"e-font-icon-svg e-fas-plus\" viewBox=\"0 0 448 512\" xmlns=\"http:\/\/www.w3.org\/2000\/svg\"><path d=\"M416 208H272V64c0-17.67-14.33-32-32-32h-32c-17.67 0-32 14.33-32 32v144H32c-17.67 0-32 14.33-32 32v32c0 17.67 14.33 32 32 32h144v144c0 17.67 14.33 32 32 32h32c17.67 0 32-14.33 32-32V304h144c17.67 0 32-14.33 32-32v-32c0-17.67-14.33-32-32-32z\"><\/path><\/svg><\/span>\n\t\t\t\t\t\t\t\t<span class=\"elementor-toggle-icon-opened\"><svg class=\"elementor-toggle-icon-opened e-font-icon-svg e-fas-minus\" viewBox=\"0 0 448 512\" xmlns=\"http:\/\/www.w3.org\/2000\/svg\"><path d=\"M416 208H32c-17.67 0-32 14.33-32 32v32c0 17.67 14.33 32 32 32h384c17.67 0 32-14.33 32-32v-32c0-17.67-14.33-32-32-32z\"><\/path><\/svg><\/span>\n\t\t\t\t\t\t\t\t\t\t\t\t\t<\/span>\n\t\t\t\t\t\t\t\t\t\t\t\t<a class=\"elementor-toggle-title\" tabindex=\"0\"> \u00bfQu\u00e9 pasa si quiero devolver un sof\u00e1?<\/a>\n\t\t\t\t\t<\/h3>\n\n\t\t\t\t\t<div id=\"elementor-tab-content-2453\" class=\"elementor-tab-content elementor-clearfix\" data-tab=\"3\" role=\"region\" aria-labelledby=\"elementor-tab-title-2453\"><p>Entendemos que puede haber cambios de planes. Si necesitas devolver un producto, cont\u00e1ctanos dentro de los primeros 14 d\u00edas despu\u00e9s de la entrega para gestionar la devoluci\u00f3n. Los productos deben estar en su estado original, sin da\u00f1os ni signos de uso. En el caso de productos personalizados, no se aceptan devoluciones, salvo por defectos de fabricaci\u00f3n.<\/p><\/div>\n\t\t\t\t<\/div>\n\t\t\t\t\t\t\t\t<\/div>\n\t\t\t\t\t\t<\/div>\n\t\t\t\t<\/div>\n\t\t\t\t\t<\/div>\n\t\t\t\t<\/div>\n\t\t\t\t<\/div>\n\t\t","protected":false},"excerpt":{"rendered":"<p>Preguntas Frecuentes Encuentra respuestas a las preguntas m\u00e1s frecuentes sobre nuestros sof\u00e1s, sillones y colchones. Si necesitas m\u00e1s informaci\u00f3n, no dudes en contactarnos. \u00bfCu\u00e1nto tiempo tarda en llegar mi pedido? El plazo de entrega depende del tipo de producto y su personalizaci\u00f3n. Por lo general, los pedidos est\u00e1ndar se entregan en un plazo de 15 [&hellip;]<\/p>\n","protected":false},"author":2,"featured_media":0,"parent":0,"menu_order":0,"comment_status":"closed","ping_status":"closed","template":"","meta":{"_uag_custom_page_level_css":"","footnotes":""},"class_list":["post-1522","page","type-page","status-publish","hentry"],"blocksy_meta":[],"yoast_head":"<!-- This site is optimized with the Yoast SEO plugin v24.1 - https:\/\/yoast.com\/wordpress\/plugins\/seo\/ -->\n<title>FAQs - Colchoner\u00eda y Sof\u00e1s Chinales<\/title>\n<meta name=\"robots\" content=\"index, follow, max-snippet:-1, max-image-preview:large, max-video-preview:-1\" \/>\n<link rel=\"canonical\" href=\"https:\/\/www.sofaschinales.es\/index.php\/elementor-pagina-1522\/\" \/>\n<meta property=\"og:locale\" content=\"es_ES\" \/>\n<meta property=\"og:type\" content=\"article\" \/>\n<meta property=\"og:title\" content=\"FAQs - Colchoner\u00eda y Sof\u00e1s Chinales\" \/>\n<meta property=\"og:description\" content=\"Preguntas Frecuentes Encuentra respuestas a las preguntas m\u00e1s frecuentes sobre nuestros sof\u00e1s, sillones y colchones. Si necesitas m\u00e1s informaci\u00f3n, no dudes en contactarnos. \u00bfCu\u00e1nto tiempo tarda en llegar mi pedido? El plazo de entrega depende del tipo de producto y su personalizaci\u00f3n. Por lo general, los pedidos est\u00e1ndar se entregan en un plazo de 15 [&hellip;]\" \/>\n<meta property=\"og:url\" content=\"https:\/\/www.sofaschinales.es\/index.php\/elementor-pagina-1522\/\" \/>\n<meta property=\"og:site_name\" content=\"Colchoner\u00eda y Sof\u00e1s Chinales\" \/>\n<meta property=\"article:publisher\" content=\"https:\/\/www.facebook.com\/@sofaschinales\" \/>\n<meta property=\"article:modified_time\" content=\"2025-07-01T18:04:31+00:00\" \/>\n<meta name=\"twitter:card\" content=\"summary_large_image\" \/>\n<meta name=\"twitter:label1\" content=\"Tiempo de lectura\" \/>\n\t<meta name=\"twitter:data1\" content=\"1 minuto\" \/>\n<script type=\"application\/ld+json\" class=\"yoast-schema-graph\">{\"@context\":\"https:\/\/schema.org\",\"@graph\":[{\"@type\":\"WebPage\",\"@id\":\"https:\/\/www.sofaschinales.es\/index.php\/elementor-pagina-1522\/\",\"url\":\"https:\/\/www.sofaschinales.es\/index.php\/elementor-pagina-1522\/\",\"name\":\"FAQs - Colchoner\u00eda y Sof\u00e1s Chinales\",\"isPartOf\":{\"@id\":\"https:\/\/www.sofaschinales.es\/#website\"},\"datePublished\":\"2025-01-05T23:27:27+00:00\",\"dateModified\":\"2025-07-01T18:04:31+00:00\",\"breadcrumb\":{\"@id\":\"https:\/\/www.sofaschinales.es\/index.php\/elementor-pagina-1522\/#breadcrumb\"},\"inLanguage\":\"es\",\"potentialAction\":[{\"@type\":\"ReadAction\",\"target\":[\"https:\/\/www.sofaschinales.es\/index.php\/elementor-pagina-1522\/\"]}]},{\"@type\":\"BreadcrumbList\",\"@id\":\"https:\/\/www.sofaschinales.es\/index.php\/elementor-pagina-1522\/#breadcrumb\",\"itemListElement\":[{\"@type\":\"ListItem\",\"position\":1,\"name\":\"Portada\",\"item\":\"https:\/\/www.sofaschinales.es\/\"},{\"@type\":\"ListItem\",\"position\":2,\"name\":\"FAQs\"}]},{\"@type\":\"WebSite\",\"@id\":\"https:\/\/www.sofaschinales.es\/#website\",\"url\":\"https:\/\/www.sofaschinales.es\/\",\"name\":\"Colchoner\u00eda y Sof\u00e1s Chinales\",\"description\":\"Lo mejor para el descanso\",\"publisher\":{\"@id\":\"https:\/\/www.sofaschinales.es\/#organization\"},\"potentialAction\":[{\"@type\":\"SearchAction\",\"target\":{\"@type\":\"EntryPoint\",\"urlTemplate\":\"https:\/\/www.sofaschinales.es\/?s={search_term_string}\"},\"query-input\":{\"@type\":\"PropertyValueSpecification\",\"valueRequired\":true,\"valueName\":\"search_term_string\"}}],\"inLanguage\":\"es\"},{\"@type\":\"Organization\",\"@id\":\"https:\/\/www.sofaschinales.es\/#organization\",\"name\":\"Colchoner\u00eda y Sof\u00e1s Chinales\",\"url\":\"https:\/\/www.sofaschinales.es\/\",\"logo\":{\"@type\":\"ImageObject\",\"inLanguage\":\"es\",\"@id\":\"https:\/\/www.sofaschinales.es\/#\/schema\/logo\/image\/\",\"url\":\"https:\/\/www.sofaschinales.es\/wp-content\/uploads\/2020\/05\/logo_negro_ampliado_trans_SMALL.png\",\"contentUrl\":\"https:\/\/www.sofaschinales.es\/wp-content\/uploads\/2020\/05\/logo_negro_ampliado_trans_SMALL.png\",\"width\":712,\"height\":200,\"caption\":\"Colchoner\u00eda y Sof\u00e1s Chinales\"},\"image\":{\"@id\":\"https:\/\/www.sofaschinales.es\/#\/schema\/logo\/image\/\"},\"sameAs\":[\"https:\/\/www.facebook.com\/@sofaschinales\"]}]}<\/script>\n<!-- \/ Yoast SEO plugin. -->","yoast_head_json":{"title":"FAQs - Colchoner\u00eda y Sof\u00e1s Chinales","robots":{"index":"index","follow":"follow","max-snippet":"max-snippet:-1","max-image-preview":"max-image-preview:large","max-video-preview":"max-video-preview:-1"},"canonical":"https:\/\/www.sofaschinales.es\/index.php\/elementor-pagina-1522\/","og_locale":"es_ES","og_type":"article","og_title":"FAQs - Colchoner\u00eda y Sof\u00e1s Chinales","og_description":"Preguntas Frecuentes Encuentra respuestas a las preguntas m\u00e1s frecuentes sobre nuestros sof\u00e1s, sillones y colchones. Si necesitas m\u00e1s informaci\u00f3n, no dudes en contactarnos. \u00bfCu\u00e1nto tiempo tarda en llegar mi pedido? El plazo de entrega depende del tipo de producto y su personalizaci\u00f3n. Por lo general, los pedidos est\u00e1ndar se entregan en un plazo de 15 [&hellip;]","og_url":"https:\/\/www.sofaschinales.es\/index.php\/elementor-pagina-1522\/","og_site_name":"Colchoner\u00eda y Sof\u00e1s Chinales","article_publisher":"https:\/\/www.facebook.com\/@sofaschinales","article_modified_time":"2025-07-01T18:04:31+00:00","twitter_card":"summary_large_image","twitter_misc":{"Tiempo de lectura":"1 minuto"},"schema":{"@context":"https:\/\/schema.org","@graph":[{"@type":"WebPage","@id":"https:\/\/www.sofaschinales.es\/index.php\/elementor-pagina-1522\/","url":"https:\/\/www.sofaschinales.es\/index.php\/elementor-pagina-1522\/","name":"FAQs - Colchoner\u00eda y Sof\u00e1s Chinales","isPartOf":{"@id":"https:\/\/www.sofaschinales.es\/#website"},"datePublished":"2025-01-05T23:27:27+00:00","dateModified":"2025-07-01T18:04:31+00:00","breadcrumb":{"@id":"https:\/\/www.sofaschinales.es\/index.php\/elementor-pagina-1522\/#breadcrumb"},"inLanguage":"es","potentialAction":[{"@type":"ReadAction","target":["https:\/\/www.sofaschinales.es\/index.php\/elementor-pagina-1522\/"]}]},{"@type":"BreadcrumbList","@id":"https:\/\/www.sofaschinales.es\/index.php\/elementor-pagina-1522\/#breadcrumb","itemListElement":[{"@type":"ListItem","position":1,"name":"Portada","item":"https:\/\/www.sofaschinales.es\/"},{"@type":"ListItem","position":2,"name":"FAQs"}]},{"@type":"WebSite","@id":"https:\/\/www.sofaschinales.es\/#website","url":"https:\/\/www.sofaschinales.es\/","name":"Colchoner\u00eda y Sof\u00e1s Chinales","description":"Lo mejor para el descanso","publisher":{"@id":"https:\/\/www.sofaschinales.es\/#organization"},"potentialAction":[{"@type":"SearchAction","target":{"@type":"EntryPoint","urlTemplate":"https:\/\/www.sofaschinales.es\/?s={search_term_string}"},"query-input":{"@type":"PropertyValueSpecification","valueRequired":true,"valueName":"search_term_string"}}],"inLanguage":"es"},{"@type":"Organization","@id":"https:\/\/www.sofaschinales.es\/#organization","name":"Colchoner\u00eda y Sof\u00e1s Chinales","url":"https:\/\/www.sofaschinales.es\/","logo":{"@type":"ImageObject","inLanguage":"es","@id":"https:\/\/www.sofaschinales.es\/#\/schema\/logo\/image\/","url":"https:\/\/www.sofaschinales.es\/wp-content\/uploads\/2020\/05\/logo_negro_ampliado_trans_SMALL.png","contentUrl":"https:\/\/www.sofaschinales.es\/wp-content\/uploads\/2020\/05\/logo_negro_ampliado_trans_SMALL.png","width":712,"height":200,"caption":"Colchoner\u00eda y Sof\u00e1s Chinales"},"image":{"@id":"https:\/\/www.sofaschinales.es\/#\/schema\/logo\/image\/"},"sameAs":["https:\/\/www.facebook.com\/@sofaschinales"]}]}},"uagb_featured_image_src":{"full":false,"thumbnail":false,"medium":false,"medium_large":false,"large":false,"1536x1536":false,"2048x2048":false,"woocommerce_archive_thumbnail":false,"woocommerce_thumbnail":false,"woocommerce_single":false,"woocommerce_gallery_thumbnail":false},"uagb_author_info":{"display_name":"Jos\u00e9 Porras","author_link":"https:\/\/www.sofaschinales.es\/index.php\/author\/redes_sofas_chinales\/"},"uagb_comment_info":0,"uagb_excerpt":"Preguntas Frecuentes Encuentra respuestas a las preguntas m\u00e1s frecuentes sobre nuestros sof\u00e1s, sillones y colchones. Si necesitas m\u00e1s informaci\u00f3n, no dudes en contactarnos. \u00bfCu\u00e1nto tiempo tarda en llegar mi pedido? El plazo de entrega depende del tipo de producto y su personalizaci\u00f3n. Por lo general, los pedidos est\u00e1ndar se entregan en un plazo de 15&hellip;","_links":{"self":[{"href":"https:\/\/www.sofaschinales.es\/index.php\/wp-json\/wp\/v2\/pages\/1522","targetHints":{"allow":["GET"]}}],"collection":[{"href":"https:\/\/www.sofaschinales.es\/index.php\/wp-json\/wp\/v2\/pages"}],"about":[{"href":"https:\/\/www.sofaschinales.es\/index.php\/wp-json\/wp\/v2\/types\/page"}],"author":[{"embeddable":true,"href":"https:\/\/www.sofaschinales.es\/index.php\/wp-json\/wp\/v2\/users\/2"}],"replies":[{"embeddable":true,"href":"https:\/\/www.sofaschinales.es\/index.php\/wp-json\/wp\/v2\/comments?post=1522"}],"version-history":[{"count":20,"href":"https:\/\/www.sofaschinales.es\/index.php\/wp-json\/wp\/v2\/pages\/1522\/revisions"}],"predecessor-version":[{"id":2172,"href":"https:\/\/www.sofaschinales.es\/index.php\/wp-json\/wp\/v2\/pages\/1522\/revisions\/2172"}],"wp:attachment":[{"href":"https:\/\/www.sofaschinales.es\/index.php\/wp-json\/wp\/v2\/media?parent=1522"}],"curies":[{"name":"wp","href":"https:\/\/api.w.org\/{rel}","templated":true}]}}