{"id":1849,"date":"2025-03-21T10:46:57","date_gmt":"2025-03-21T09:46:57","guid":{"rendered":"https:\/\/www.sofaschinales.es\/?post_type=product&#038;p=1849"},"modified":"2025-07-08T20:18:47","modified_gmt":"2025-07-08T18:18:47","slug":"sillon-capri","status":"publish","type":"product","link":"https:\/\/www.sofaschinales.es\/index.php\/product\/sillon-capri\/","title":{"rendered":"Sill\u00f3n Capri"},"content":{"rendered":"","protected":false},"excerpt":{"rendered":"<p><strong>Sillones fabricados en Espa\u00f1a<\/strong>, con m\u00faltiples opciones en tejidos, firmeza y tama\u00f1o.<br \/>\nWeb cat\u00e1logo: <strong>venta solo en tienda f\u00edsica<\/strong>. <\/p>\n<p><em>Te esperamos en Sof\u00e1s Chinales, C\u00f3rdoba, para que los pruebes t\u00fa mismo.<\/em><\/p>\n","protected":false},"featured_media":1853,"comment_status":"closed","ping_status":"closed","template":"","meta":{"_uag_custom_page_level_css":""},"product_cat":[25],"product_tag":[65,64],"class_list":{"0":"post-1849","1":"product","2":"type-product","3":"status-publish","4":"has-post-thumbnail","6":"product_cat-sillones","7":"product_tag-moher","8":"product_tag-sillon","10":"first","11":"instock","12":"shipping-taxable","13":"product-type-simple"},"yoast_head":"<!-- This site is optimized with the Yoast SEO plugin v24.1 - https:\/\/yoast.com\/wordpress\/plugins\/seo\/ -->\n<title>Sill\u00f3n Capri - Colchoner\u00eda y Sof\u00e1s Chinales<\/title>\n<meta name=\"robots\" content=\"index, follow, max-snippet:-1, max-image-preview:large, max-video-preview:-1\" \/>\n<link rel=\"canonical\" href=\"https:\/\/www.sofaschinales.es\/index.php\/product\/sillon-capri\/\" \/>\n<meta property=\"og:locale\" content=\"es_ES\" \/>\n<meta property=\"og:type\" content=\"article\" \/>\n<meta property=\"og:title\" content=\"Sill\u00f3n Capri - Colchoner\u00eda y Sof\u00e1s Chinales\" \/>\n<meta property=\"og:description\" content=\"Sillones fabricados en Espa\u00f1a, con m\u00faltiples opciones en tejidos, firmeza y tama\u00f1o.  Web cat\u00e1logo: venta solo en tienda f\u00edsica.   Te esperamos en Sof\u00e1s Chinales, C\u00f3rdoba, para que los pruebes t\u00fa mismo.\" \/>\n<meta property=\"og:url\" content=\"https:\/\/www.sofaschinales.es\/index.php\/product\/sillon-capri\/\" \/>\n<meta property=\"og:site_name\" content=\"Colchoner\u00eda y Sof\u00e1s Chinales\" \/>\n<meta property=\"article:publisher\" content=\"https:\/\/www.facebook.com\/@sofaschinales\" \/>\n<meta property=\"article:modified_time\" content=\"2025-07-08T18:18:47+00:00\" \/>\n<meta property=\"og:image\" content=\"https:\/\/www.sofaschinales.es\/wp-content\/uploads\/2025\/03\/Diana1_003-copia-e1732534000951.jpg\" \/>\n\t<meta property=\"og:image:width\" content=\"1500\" \/>\n\t<meta property=\"og:image:height\" content=\"1500\" \/>\n\t<meta property=\"og:image:type\" content=\"image\/jpeg\" \/>\n<meta name=\"twitter:card\" content=\"summary_large_image\" \/>\n<meta name=\"twitter:label1\" content=\"Tiempo de lectura\" \/>\n\t<meta name=\"twitter:data1\" content=\"1 minuto\" \/>\n<script type=\"application\/ld+json\" class=\"yoast-schema-graph\">{\"@context\":\"https:\/\/schema.org\",\"@graph\":[{\"@type\":\"WebPage\",\"@id\":\"https:\/\/www.sofaschinales.es\/index.php\/product\/sillon-capri\/\",\"url\":\"https:\/\/www.sofaschinales.es\/index.php\/product\/sillon-capri\/\",\"name\":\"Sill\u00f3n Capri - Colchoner\u00eda y Sof\u00e1s Chinales\",\"isPartOf\":{\"@id\":\"https:\/\/www.sofaschinales.es\/#website\"},\"primaryImageOfPage\":{\"@id\":\"https:\/\/www.sofaschinales.es\/index.php\/product\/sillon-capri\/#primaryimage\"},\"image\":{\"@id\":\"https:\/\/www.sofaschinales.es\/index.php\/product\/sillon-capri\/#primaryimage\"},\"thumbnailUrl\":\"https:\/\/www.sofaschinales.es\/wp-content\/uploads\/2025\/03\/Diana1_003-copia-e1732534000951.jpg\",\"datePublished\":\"2025-03-21T09:46:57+00:00\",\"dateModified\":\"2025-07-08T18:18:47+00:00\",\"breadcrumb\":{\"@id\":\"https:\/\/www.sofaschinales.es\/index.php\/product\/sillon-capri\/#breadcrumb\"},\"inLanguage\":\"es\",\"potentialAction\":[{\"@type\":\"ReadAction\",\"target\":[\"https:\/\/www.sofaschinales.es\/index.php\/product\/sillon-capri\/\"]}]},{\"@type\":\"ImageObject\",\"inLanguage\":\"es\",\"@id\":\"https:\/\/www.sofaschinales.es\/index.php\/product\/sillon-capri\/#primaryimage\",\"url\":\"https:\/\/www.sofaschinales.es\/wp-content\/uploads\/2025\/03\/Diana1_003-copia-e1732534000951.jpg\",\"contentUrl\":\"https:\/\/www.sofaschinales.es\/wp-content\/uploads\/2025\/03\/Diana1_003-copia-e1732534000951.jpg\",\"width\":1500,\"height\":1500},{\"@type\":\"BreadcrumbList\",\"@id\":\"https:\/\/www.sofaschinales.es\/index.php\/product\/sillon-capri\/#breadcrumb\",\"itemListElement\":[{\"@type\":\"ListItem\",\"position\":1,\"name\":\"Portada\",\"item\":\"https:\/\/www.sofaschinales.es\/\"},{\"@type\":\"ListItem\",\"position\":2,\"name\":\"Shop\",\"item\":\"https:\/\/www.sofaschinales.es\/index.php\/shop-2\/\"},{\"@type\":\"ListItem\",\"position\":3,\"name\":\"Sill\u00f3n Capri\"}]},{\"@type\":\"WebSite\",\"@id\":\"https:\/\/www.sofaschinales.es\/#website\",\"url\":\"https:\/\/www.sofaschinales.es\/\",\"name\":\"Colchoner\u00eda y Sof\u00e1s Chinales\",\"description\":\"Lo mejor para el descanso\",\"publisher\":{\"@id\":\"https:\/\/www.sofaschinales.es\/#organization\"},\"potentialAction\":[{\"@type\":\"SearchAction\",\"target\":{\"@type\":\"EntryPoint\",\"urlTemplate\":\"https:\/\/www.sofaschinales.es\/?s={search_term_string}\"},\"query-input\":{\"@type\":\"PropertyValueSpecification\",\"valueRequired\":true,\"valueName\":\"search_term_string\"}}],\"inLanguage\":\"es\"},{\"@type\":\"Organization\",\"@id\":\"https:\/\/www.sofaschinales.es\/#organization\",\"name\":\"Colchoner\u00eda y Sof\u00e1s Chinales\",\"url\":\"https:\/\/www.sofaschinales.es\/\",\"logo\":{\"@type\":\"ImageObject\",\"inLanguage\":\"es\",\"@id\":\"https:\/\/www.sofaschinales.es\/#\/schema\/logo\/image\/\",\"url\":\"https:\/\/www.sofaschinales.es\/wp-content\/uploads\/2020\/05\/logo_negro_ampliado_trans_SMALL.png\",\"contentUrl\":\"https:\/\/www.sofaschinales.es\/wp-content\/uploads\/2020\/05\/logo_negro_ampliado_trans_SMALL.png\",\"width\":712,\"height\":200,\"caption\":\"Colchoner\u00eda y Sof\u00e1s Chinales\"},\"image\":{\"@id\":\"https:\/\/www.sofaschinales.es\/#\/schema\/logo\/image\/\"},\"sameAs\":[\"https:\/\/www.facebook.com\/@sofaschinales\"]}]}<\/script>\n<!-- \/ Yoast SEO plugin. -->","yoast_head_json":{"title":"Sill\u00f3n Capri - Colchoner\u00eda y Sof\u00e1s Chinales","robots":{"index":"index","follow":"follow","max-snippet":"max-snippet:-1","max-image-preview":"max-image-preview:large","max-video-preview":"max-video-preview:-1"},"canonical":"https:\/\/www.sofaschinales.es\/index.php\/product\/sillon-capri\/","og_locale":"es_ES","og_type":"article","og_title":"Sill\u00f3n Capri - Colchoner\u00eda y Sof\u00e1s Chinales","og_description":"Sillones fabricados en Espa\u00f1a, con m\u00faltiples opciones en tejidos, firmeza y tama\u00f1o.  Web cat\u00e1logo: venta solo en tienda f\u00edsica.   Te esperamos en Sof\u00e1s Chinales, C\u00f3rdoba, para que los pruebes t\u00fa mismo.","og_url":"https:\/\/www.sofaschinales.es\/index.php\/product\/sillon-capri\/","og_site_name":"Colchoner\u00eda y Sof\u00e1s Chinales","article_publisher":"https:\/\/www.facebook.com\/@sofaschinales","article_modified_time":"2025-07-08T18:18:47+00:00","og_image":[{"width":1500,"height":1500,"url":"https:\/\/www.sofaschinales.es\/wp-content\/uploads\/2025\/03\/Diana1_003-copia-e1732534000951.jpg","type":"image\/jpeg"}],"twitter_card":"summary_large_image","twitter_misc":{"Tiempo de lectura":"1 minuto"},"schema":{"@context":"https:\/\/schema.org","@graph":[{"@type":"WebPage","@id":"https:\/\/www.sofaschinales.es\/index.php\/product\/sillon-capri\/","url":"https:\/\/www.sofaschinales.es\/index.php\/product\/sillon-capri\/","name":"Sill\u00f3n Capri - Colchoner\u00eda y Sof\u00e1s Chinales","isPartOf":{"@id":"https:\/\/www.sofaschinales.es\/#website"},"primaryImageOfPage":{"@id":"https:\/\/www.sofaschinales.es\/index.php\/product\/sillon-capri\/#primaryimage"},"image":{"@id":"https:\/\/www.sofaschinales.es\/index.php\/product\/sillon-capri\/#primaryimage"},"thumbnailUrl":"https:\/\/www.sofaschinales.es\/wp-content\/uploads\/2025\/03\/Diana1_003-copia-e1732534000951.jpg","datePublished":"2025-03-21T09:46:57+00:00","dateModified":"2025-07-08T18:18:47+00:00","breadcrumb":{"@id":"https:\/\/www.sofaschinales.es\/index.php\/product\/sillon-capri\/#breadcrumb"},"inLanguage":"es","potentialAction":[{"@type":"ReadAction","target":["https:\/\/www.sofaschinales.es\/index.php\/product\/sillon-capri\/"]}]},{"@type":"ImageObject","inLanguage":"es","@id":"https:\/\/www.sofaschinales.es\/index.php\/product\/sillon-capri\/#primaryimage","url":"https:\/\/www.sofaschinales.es\/wp-content\/uploads\/2025\/03\/Diana1_003-copia-e1732534000951.jpg","contentUrl":"https:\/\/www.sofaschinales.es\/wp-content\/uploads\/2025\/03\/Diana1_003-copia-e1732534000951.jpg","width":1500,"height":1500},{"@type":"BreadcrumbList","@id":"https:\/\/www.sofaschinales.es\/index.php\/product\/sillon-capri\/#breadcrumb","itemListElement":[{"@type":"ListItem","position":1,"name":"Portada","item":"https:\/\/www.sofaschinales.es\/"},{"@type":"ListItem","position":2,"name":"Shop","item":"https:\/\/www.sofaschinales.es\/index.php\/shop-2\/"},{"@type":"ListItem","position":3,"name":"Sill\u00f3n Capri"}]},{"@type":"WebSite","@id":"https:\/\/www.sofaschinales.es\/#website","url":"https:\/\/www.sofaschinales.es\/","name":"Colchoner\u00eda y Sof\u00e1s Chinales","description":"Lo mejor para el descanso","publisher":{"@id":"https:\/\/www.sofaschinales.es\/#organization"},"potentialAction":[{"@type":"SearchAction","target":{"@type":"EntryPoint","urlTemplate":"https:\/\/www.sofaschinales.es\/?s={search_term_string}"},"query-input":{"@type":"PropertyValueSpecification","valueRequired":true,"valueName":"search_term_string"}}],"inLanguage":"es"},{"@type":"Organization","@id":"https:\/\/www.sofaschinales.es\/#organization","name":"Colchoner\u00eda y Sof\u00e1s Chinales","url":"https:\/\/www.sofaschinales.es\/","logo":{"@type":"ImageObject","inLanguage":"es","@id":"https:\/\/www.sofaschinales.es\/#\/schema\/logo\/image\/","url":"https:\/\/www.sofaschinales.es\/wp-content\/uploads\/2020\/05\/logo_negro_ampliado_trans_SMALL.png","contentUrl":"https:\/\/www.sofaschinales.es\/wp-content\/uploads\/2020\/05\/logo_negro_ampliado_trans_SMALL.png","width":712,"height":200,"caption":"Colchoner\u00eda y Sof\u00e1s Chinales"},"image":{"@id":"https:\/\/www.sofaschinales.es\/#\/schema\/logo\/image\/"},"sameAs":["https:\/\/www.facebook.com\/@sofaschinales"]}]}},"uagb_featured_image_src":{"full":["https:\/\/www.sofaschinales.es\/wp-content\/uploads\/2025\/03\/Diana1_003-copia-e1732534000951.jpg",1500,1500,false],"thumbnail":["https:\/\/www.sofaschinales.es\/wp-content\/uploads\/2025\/03\/Diana1_003-copia-e1732534000951-150x150.jpg",150,150,true],"medium":["https:\/\/www.sofaschinales.es\/wp-content\/uploads\/2025\/03\/Diana1_003-copia-e1732534000951-300x300.jpg",300,300,true],"medium_large":["https:\/\/www.sofaschinales.es\/wp-content\/uploads\/2025\/03\/Diana1_003-copia-e1732534000951-768x768.jpg",768,768,true],"large":["https:\/\/www.sofaschinales.es\/wp-content\/uploads\/2025\/03\/Diana1_003-copia-e1732534000951-1024x1024.jpg",1024,1024,true],"1536x1536":["https:\/\/www.sofaschinales.es\/wp-content\/uploads\/2025\/03\/Diana1_003-copia-e1732534000951.jpg",1500,1500,false],"2048x2048":["https:\/\/www.sofaschinales.es\/wp-content\/uploads\/2025\/03\/Diana1_003-copia-e1732534000951.jpg",1500,1500,false],"woocommerce_archive_thumbnail":["https:\/\/www.sofaschinales.es\/wp-content\/uploads\/2025\/03\/Diana1_003-copia-e1732534000951-300x300.jpg",300,300,true],"woocommerce_thumbnail":["https:\/\/www.sofaschinales.es\/wp-content\/uploads\/2025\/03\/Diana1_003-copia-e1732534000951-300x300.jpg",300,300,true],"woocommerce_single":["https:\/\/www.sofaschinales.es\/wp-content\/uploads\/2025\/03\/Diana1_003-copia-e1732534000951-100x100.jpg",100,100,true],"woocommerce_gallery_thumbnail":["https:\/\/www.sofaschinales.es\/wp-content\/uploads\/2025\/03\/Diana1_003-copia-e1732534000951-100x100.jpg",100,100,true]},"uagb_author_info":{"display_name":"Jos\u00e9 Porras","author_link":"https:\/\/www.sofaschinales.es\/index.php\/author\/"},"uagb_comment_info":0,"uagb_excerpt":"Sillones fabricados en Espa\u00f1a, con m\u00faltiples opciones en tejidos, firmeza y tama\u00f1o. Web cat\u00e1logo: venta solo en tienda f\u00edsica. Te esperamos en Sof\u00e1s Chinales, C\u00f3rdoba, para que los pruebes t\u00fa mismo.","_links":{"self":[{"href":"https:\/\/www.sofaschinales.es\/index.php\/wp-json\/wp\/v2\/product\/1849","targetHints":{"allow":["GET"]}}],"collection":[{"href":"https:\/\/www.sofaschinales.es\/index.php\/wp-json\/wp\/v2\/product"}],"about":[{"href":"https:\/\/www.sofaschinales.es\/index.php\/wp-json\/wp\/v2\/types\/product"}],"replies":[{"embeddable":true,"href":"https:\/\/www.sofaschinales.es\/index.php\/wp-json\/wp\/v2\/comments?post=1849"}],"version-history":[{"count":3,"href":"https:\/\/www.sofaschinales.es\/index.php\/wp-json\/wp\/v2\/product\/1849\/revisions"}],"predecessor-version":[{"id":2218,"href":"https:\/\/www.sofaschinales.es\/index.php\/wp-json\/wp\/v2\/product\/1849\/revisions\/2218"}],"wp:featuredmedia":[{"embeddable":true,"href":"https:\/\/www.sofaschinales.es\/index.php\/wp-json\/wp\/v2\/media\/1853"}],"wp:attachment":[{"href":"https:\/\/www.sofaschinales.es\/index.php\/wp-json\/wp\/v2\/media?parent=1849"}],"wp:term":[{"taxonomy":"product_cat","embeddable":true,"href":"https:\/\/www.sofaschinales.es\/index.php\/wp-json\/wp\/v2\/product_cat?post=1849"},{"taxonomy":"product_tag","embeddable":true,"href":"https:\/\/www.sofaschinales.es\/index.php\/wp-json\/wp\/v2\/product_tag?post=1849"}],"curies":[{"name":"wp","href":"https:\/\/api.w.org\/{rel}","templated":true}]}}